{"id":3862,"date":"2020-02-27T15:11:16","date_gmt":"2020-02-27T20:11:16","guid":{"rendered":"https:\/\/www.virtual-maritime-academy.com\/?page_id=3862"},"modified":"2024-08-14T13:32:11","modified_gmt":"2024-08-14T17:32:11","slug":"accreditations","status":"publish","type":"page","link":"https:\/\/www.virtualmaritime.academy\/fr\/accreditations\/","title":{"rendered":"Accreditations and Recognitions"},"content":{"rendered":"<h2><strong>Approbation de Transports Canada<\/strong><\/h2>\n<p>Virtual Maritime Academy proudly stands as a recognized institution by the esteemed Transport Canada Marine Safety and Security division. This distinction is not only a testament to our unwavering commitment to maritime excellence but also validates the high standards we maintain in our academic and training modules.<\/p>\n<p>To ensure transparency and establish trust, we invite all interested parties to:<\/p>\n<ol>\n<li>Visit the <a href=\"https:\/\/tc.canada.ca\/fr\/transport-maritime\/securite-maritime\/etablissement-reconnus-cours-formation-approuves-tp-10655f#s5-14\" target=\"_new\" rel=\"noopener\">Transport Canada Website<\/a> for direct verification.<\/li>\n<li>Delve into the details presented in the TP 10655 <a href=\"https:\/\/tc.canada.ca\/sites\/default\/files\/2024-07\/TP10655E.pdf\" target=\"_new\" rel=\"noopener\">HERE<\/a>.<\/li>\n<li>Reach out to the nearest <a href=\"https:\/\/tc.canada.ca\/en\/marine-transportation\/marine-security\/approved-ship-security-training\" target=\"_new\" rel=\"noopener\">Transport Canada office<\/a> for further queries.<\/li>\n<\/ol>\n<h2><strong>Global Recognitions<\/strong><\/h2>\n<p>L'accr\u00e9ditation par Transports Canada a permis aux certifications de l'Acad\u00e9mie Maritime Virtuelle(VMA) de b\u00e9n\u00e9ficier d'une reconnaissance internationale. Cela en dit long sur notre positionnement mondial et l'applicabilit\u00e9 universelle de nos cours. Nous sommes honor\u00e9s d'\u00eatre reconnus par un large \u00e9ventail de pays et d'entit\u00e9s maritimes prestigieuses.<\/p>\n<p>Here is a glimpse of some major maritime agencies, countries, and organizations that recognize our institution:<\/p>\n<ul>\n<li><a href=\"https:\/\/thecpdregister.com\/view\/virtual-maritime-academy-740825\" target=\"_blank\" rel=\"noopener\"><strong>Formation accr\u00e9dit\u00e9e CPD<\/strong> (Continuing Professional Development)<\/a><a href=\"https:\/\/thecpdregister.com\/view\/virtual-maritime-academy-740825\" target=\"_blank\" rel=\"noopener\"><img decoding=\"async\" class=\"wp-image-16740 aligncenter\" src=\"https:\/\/www.virtualmaritime.academy\/wp-content\/uploads\/2014\/11\/Logo-Provider-300x103.png\" alt=\"\" width=\"227\" height=\"78\" srcset=\"https:\/\/www.virtualmaritime.academy\/wp-content\/uploads\/2014\/11\/Logo-Provider-300x103.png 300w, https:\/\/www.virtualmaritime.academy\/wp-content\/uploads\/2014\/11\/Logo-Provider-1024x350.png 1024w, https:\/\/www.virtualmaritime.academy\/wp-content\/uploads\/2014\/11\/Logo-Provider-768x262.png 768w, https:\/\/www.virtualmaritime.academy\/wp-content\/uploads\/2014\/11\/Logo-Provider-600x205.png 600w, https:\/\/www.virtualmaritime.academy\/wp-content\/uploads\/2014\/11\/Logo-Provider.png 1440w\" sizes=\"(max-width: 227px) 100vw, 227px\" \/><\/a><\/li>\n<li><a href=\"https:\/\/assets.publishing.service.gov.uk\/government\/uploads\/system\/uploads\/attachment_data\/file\/282393\/min437.pdf\"><strong>United Kingdom<\/strong>: DfT Maritime &amp; Coastguard Agency (MCA)<\/a><\/li>\n<li><strong>United States<\/strong>: Coast Guard (USCG)<\/li>\n<li><a href=\"https:\/\/www.amsa.gov.au\/qualifications-training\/equivalent-qualifications-and-skill-recognition\/country-eligibility\"><strong>Australia<\/strong>: Maritime Safety Authority (AMSA)<\/a><\/li>\n<li><strong>New Zealand<\/strong>: Maritime (SeaCert)<\/li>\n<li><strong>Bahamas<\/strong>: Maritime Authority (BMA)<\/li>\n<li><strong>Panama<\/strong>: Autoridad Maritima De Panama<\/li>\n<li><strong>Cayman Islands<\/strong>: Maritime Authority (MACI)<\/li>\n<\/ul>\n<p>Et ce n'est que la partie \u00e9merg\u00e9e de l'iceberg ! Nos qualifications r\u00e9sonnent \u00e0 travers diff\u00e9rentes r\u00e9gions et sont largement accept\u00e9es par de nombreuses autres autorit\u00e9s maritimes dans le monde entier.<\/p>\n<p>Nous travaillons continuellement \u00e0 \u00e9largir nos horizons, avec pour mission de garantir que notre certification soit non seulement universellement reconnue, mais aussi synonyme d'excellence maritime.<\/p>","protected":false},"excerpt":{"rendered":"<p>Transport Canada Endorsement Virtual Maritime Academy proudly stands as a recognized institution by the esteemed Transport Canada Marine Safety and [&hellip;]<\/p>\n","protected":false},"author":5,"featured_media":0,"parent":0,"menu_order":0,"comment_status":"closed","ping_status":"closed","template":"","meta":{"site-sidebar-layout":"default","site-content-layout":"","ast-site-content-layout":"default","site-content-style":"default","site-sidebar-style":"default","ast-global-header-display":"","ast-banner-title-visibility":"","ast-main-header-display":"","ast-hfb-above-header-display":"","ast-hfb-below-header-display":"","ast-hfb-mobile-header-display":"","site-post-title":"","ast-breadcrumbs-content":"","ast-featured-img":"","footer-sml-layout":"","ast-disable-related-posts":"","theme-transparent-header-meta":"","adv-header-id-meta":"","stick-header-meta":"","header-above-stick-meta":"","header-main-stick-meta":"","header-below-stick-meta":"","astra-migrate-meta-layouts":"default","ast-page-background-enabled":"default","ast-page-background-meta":{"desktop":{"background-color":"var(--ast-global-color-5)","background-image":"","background-repeat":"repeat","background-position":"center center","background-size":"auto","background-attachment":"scroll","background-type":"","background-media":"","overlay-type":"","overlay-color":"","overlay-opacity":"","overlay-gradient":""},"tablet":{"background-color":"","background-image":"","background-repeat":"repeat","background-position":"center center","background-size":"auto","background-attachment":"scroll","background-type":"","background-media":"","overlay-type":"","overlay-color":"","overlay-opacity":"","overlay-gradient":""},"mobile":{"background-color":"","background-image":"","background-repeat":"repeat","background-position":"center center","background-size":"auto","background-attachment":"scroll","background-type":"","background-media":"","overlay-type":"","overlay-color":"","overlay-opacity":"","overlay-gradient":""}},"ast-content-background-meta":{"desktop":{"background-color":"var(--ast-global-color-4)","background-image":"","background-repeat":"repeat","background-position":"center center","background-size":"auto","background-attachment":"scroll","background-type":"","background-media":"","overlay-type":"","overlay-color":"","overlay-opacity":"","overlay-gradient":""},"tablet":{"background-color":"var(--ast-global-color-4)","background-image":"","background-repeat":"repeat","background-position":"center center","background-size":"auto","background-attachment":"scroll","background-type":"","background-media":"","overlay-type":"","overlay-color":"","overlay-opacity":"","overlay-gradient":""},"mobile":{"background-color":"var(--ast-global-color-4)","background-image":"","background-repeat":"repeat","background-position":"center center","background-size":"auto","background-attachment":"scroll","background-type":"","background-media":"","overlay-type":"","overlay-color":"","overlay-opacity":"","overlay-gradient":""}},"footnotes":""},"class_list":["post-3862","page","type-page","status-publish","hentry"],"yoast_head":"<!-- This site is optimized with the Yoast SEO plugin v27.5 - https:\/\/yoast.com\/product\/yoast-seo-wordpress\/ -->\n<title>Accreditations and Recognitions - Virtual Maritime Academy<\/title>\n<meta name=\"robots\" content=\"index, follow, max-snippet:-1, max-image-preview:large, max-video-preview:-1\" \/>\n<link rel=\"canonical\" href=\"https:\/\/www.virtualmaritime.academy\/fr\/accreditations\/\" \/>\n<meta property=\"og:locale\" content=\"fr_CA\" \/>\n<meta property=\"og:type\" content=\"article\" \/>\n<meta property=\"og:title\" content=\"Accreditations and Recognitions - Virtual Maritime Academy\" \/>\n<meta property=\"og:description\" content=\"Transport Canada Endorsement Virtual Maritime Academy proudly stands as a recognized institution by the esteemed Transport Canada Marine Safety and [&hellip;]\" \/>\n<meta property=\"og:url\" content=\"https:\/\/www.virtualmaritime.academy\/fr\/accreditations\/\" \/>\n<meta property=\"og:site_name\" content=\"Virtual Maritime Academy\" \/>\n<meta property=\"article:publisher\" content=\"https:\/\/www.facebook.com\/VirtualMaritimeAcademy\/\" \/>\n<meta property=\"article:modified_time\" content=\"2024-08-14T17:32:11+00:00\" \/>\n<meta property=\"og:image\" content=\"https:\/\/www.virtualmaritime.academy\/wp-content\/uploads\/2014\/11\/Logo-Provider-300x103.png\" \/>\n<meta name=\"twitter:card\" content=\"summary_large_image\" \/>\n<meta name=\"twitter:label1\" content=\"Estimation du temps de lecture\" \/>\n\t<meta name=\"twitter:data1\" content=\"2 minutes\" \/>\n<script type=\"application\/ld+json\" class=\"yoast-schema-graph\">{\"@context\":\"https:\\\/\\\/schema.org\",\"@graph\":[{\"@type\":\"WebPage\",\"@id\":\"https:\\\/\\\/www.virtualmaritime.academy\\\/accreditations\\\/\",\"url\":\"https:\\\/\\\/www.virtualmaritime.academy\\\/accreditations\\\/\",\"name\":\"Accreditations and Recognitions - Virtual Maritime Academy\",\"isPartOf\":{\"@id\":\"https:\\\/\\\/www.virtualmaritime.academy\\\/#website\"},\"primaryImageOfPage\":{\"@id\":\"https:\\\/\\\/www.virtualmaritime.academy\\\/accreditations\\\/#primaryimage\"},\"image\":{\"@id\":\"https:\\\/\\\/www.virtualmaritime.academy\\\/accreditations\\\/#primaryimage\"},\"thumbnailUrl\":\"https:\\\/\\\/www.virtualmaritime.academy\\\/wp-content\\\/uploads\\\/2014\\\/11\\\/Logo-Provider-300x103.png\",\"datePublished\":\"2020-02-27T20:11:16+00:00\",\"dateModified\":\"2024-08-14T17:32:11+00:00\",\"breadcrumb\":{\"@id\":\"https:\\\/\\\/www.virtualmaritime.academy\\\/accreditations\\\/#breadcrumb\"},\"inLanguage\":\"fr-CA\",\"potentialAction\":[{\"@type\":\"ReadAction\",\"target\":[\"https:\\\/\\\/www.virtualmaritime.academy\\\/accreditations\\\/\"]}]},{\"@type\":\"ImageObject\",\"inLanguage\":\"fr-CA\",\"@id\":\"https:\\\/\\\/www.virtualmaritime.academy\\\/accreditations\\\/#primaryimage\",\"url\":\"https:\\\/\\\/www.virtualmaritime.academy\\\/wp-content\\\/uploads\\\/2014\\\/11\\\/Logo-Provider-300x103.png\",\"contentUrl\":\"https:\\\/\\\/www.virtualmaritime.academy\\\/wp-content\\\/uploads\\\/2014\\\/11\\\/Logo-Provider-300x103.png\"},{\"@type\":\"BreadcrumbList\",\"@id\":\"https:\\\/\\\/www.virtualmaritime.academy\\\/accreditations\\\/#breadcrumb\",\"itemListElement\":[{\"@type\":\"ListItem\",\"position\":1,\"name\":\"Home\",\"item\":\"https:\\\/\\\/www.virtualmaritime.academy\\\/\"},{\"@type\":\"ListItem\",\"position\":2,\"name\":\"Accreditations and Recognitions\"}]},{\"@type\":\"WebSite\",\"@id\":\"https:\\\/\\\/www.virtualmaritime.academy\\\/#website\",\"url\":\"https:\\\/\\\/www.virtualmaritime.academy\\\/\",\"name\":\"Virtual Maritime Academy\",\"description\":\"\",\"inLanguage\":\"fr-CA\"}]}<\/script>\n<!-- \/ Yoast SEO plugin. -->","yoast_head_json":{"title":"Accreditations and Recognitions - Virtual Maritime Academy","robots":{"index":"index","follow":"follow","max-snippet":"max-snippet:-1","max-image-preview":"max-image-preview:large","max-video-preview":"max-video-preview:-1"},"canonical":"https:\/\/www.virtualmaritime.academy\/fr\/accreditations\/","og_locale":"fr_CA","og_type":"article","og_title":"Accreditations and Recognitions - Virtual Maritime Academy","og_description":"Transport Canada Endorsement Virtual Maritime Academy proudly stands as a recognized institution by the esteemed Transport Canada Marine Safety and [&hellip;]","og_url":"https:\/\/www.virtualmaritime.academy\/fr\/accreditations\/","og_site_name":"Virtual Maritime Academy","article_publisher":"https:\/\/www.facebook.com\/VirtualMaritimeAcademy\/","article_modified_time":"2024-08-14T17:32:11+00:00","og_image":[{"url":"https:\/\/www.virtualmaritime.academy\/wp-content\/uploads\/2014\/11\/Logo-Provider-300x103.png","type":"","width":"","height":""}],"twitter_card":"summary_large_image","twitter_misc":{"Estimation du temps de lecture":"2 minutes"},"schema":{"@context":"https:\/\/schema.org","@graph":[{"@type":"WebPage","@id":"https:\/\/www.virtualmaritime.academy\/accreditations\/","url":"https:\/\/www.virtualmaritime.academy\/accreditations\/","name":"Accreditations and Recognitions - Virtual Maritime Academy","isPartOf":{"@id":"https:\/\/www.virtualmaritime.academy\/#website"},"primaryImageOfPage":{"@id":"https:\/\/www.virtualmaritime.academy\/accreditations\/#primaryimage"},"image":{"@id":"https:\/\/www.virtualmaritime.academy\/accreditations\/#primaryimage"},"thumbnailUrl":"https:\/\/www.virtualmaritime.academy\/wp-content\/uploads\/2014\/11\/Logo-Provider-300x103.png","datePublished":"2020-02-27T20:11:16+00:00","dateModified":"2024-08-14T17:32:11+00:00","breadcrumb":{"@id":"https:\/\/www.virtualmaritime.academy\/accreditations\/#breadcrumb"},"inLanguage":"fr-CA","potentialAction":[{"@type":"ReadAction","target":["https:\/\/www.virtualmaritime.academy\/accreditations\/"]}]},{"@type":"ImageObject","inLanguage":"fr-CA","@id":"https:\/\/www.virtualmaritime.academy\/accreditations\/#primaryimage","url":"https:\/\/www.virtualmaritime.academy\/wp-content\/uploads\/2014\/11\/Logo-Provider-300x103.png","contentUrl":"https:\/\/www.virtualmaritime.academy\/wp-content\/uploads\/2014\/11\/Logo-Provider-300x103.png"},{"@type":"BreadcrumbList","@id":"https:\/\/www.virtualmaritime.academy\/accreditations\/#breadcrumb","itemListElement":[{"@type":"ListItem","position":1,"name":"Home","item":"https:\/\/www.virtualmaritime.academy\/"},{"@type":"ListItem","position":2,"name":"Accreditations and Recognitions"}]},{"@type":"WebSite","@id":"https:\/\/www.virtualmaritime.academy\/#website","url":"https:\/\/www.virtualmaritime.academy\/","name":"Acad\u00e9mie Maritime Virtuelle (VMA)","description":"","inLanguage":"fr-CA"}]}},"_links":{"self":[{"href":"https:\/\/www.virtualmaritime.academy\/fr\/wp-json\/wp\/v2\/pages\/3862","targetHints":{"allow":["GET"]}}],"collection":[{"href":"https:\/\/www.virtualmaritime.academy\/fr\/wp-json\/wp\/v2\/pages"}],"about":[{"href":"https:\/\/www.virtualmaritime.academy\/fr\/wp-json\/wp\/v2\/types\/page"}],"author":[{"embeddable":true,"href":"https:\/\/www.virtualmaritime.academy\/fr\/wp-json\/wp\/v2\/users\/5"}],"replies":[{"embeddable":true,"href":"https:\/\/www.virtualmaritime.academy\/fr\/wp-json\/wp\/v2\/comments?post=3862"}],"version-history":[{"count":0,"href":"https:\/\/www.virtualmaritime.academy\/fr\/wp-json\/wp\/v2\/pages\/3862\/revisions"}],"wp:attachment":[{"href":"https:\/\/www.virtualmaritime.academy\/fr\/wp-json\/wp\/v2\/media?parent=3862"}],"curies":[{"name":"wp","href":"https:\/\/api.w.org\/{rel}","templated":true}]}}